{"id":91,"date":"2023-04-27T09:31:33","date_gmt":"2023-04-27T09:31:33","guid":{"rendered":"http:\/\/tostinicaffe.nl\/?post_type=product&#038;p=91"},"modified":"2025-06-11T14:11:07","modified_gmt":"2025-06-11T14:11:07","slug":"tostini-bio-250gr-koffiebonen-2","status":"publish","type":"product","link":"https:\/\/tostinicaffe.nl\/?product=tostini-bio-250gr-koffiebonen-2","title":{"rendered":"Tostini Bio &#038; Centr Am Blend deal 250gr"},"content":{"rendered":"<p>Een koffie met een verfijnde en extravagante body, delicate tonen van rijp fruit, lichte zuren, fluweelzachte room.<\/p>\n<p><em>Un caff\u00e8 dal corpo ricercato e stravagante, note delicate di frutta matura, lieve acidit\u00e0, crema vellutata.<\/em><\/p>\n","protected":false},"excerpt":{"rendered":"<div class=\"elementor-element elementor-element-af23a98 elementor-widget elementor-widget-woocommerce-product-short-description\" data-id=\"af23a98\" data-element_type=\"widget\" data-widget_type=\"woocommerce-product-short-description.default\">\n<div class=\"elementor-widget-container\">\n<div class=\"woocommerce-product-details__short-description\">\n<h4>Het is afkomstig van een mix van de beste Arabica- en Robusta-vari\u00ebteiten verkregen uit biologische landbouw, met respect voor de natuur en het lokale ecosysteem.\u00a0Een koffie met een verfijnde en extravagante body, delicate tonen van rijp fruit, lichte zuren, fluweelzachte room.<\/h4>\n<div class=\"woocommerce-product-details__short-description\">\n<h4>De 100% Arabica-blend van deze koffie is samengesteld uit 5 single-origin Arabica-vari\u00ebteiten uit Midden-Amerika.\u00a0Zoete en delicate smaak voor een omhullende en totale ervaring.<\/h4>\n<\/div>\n<div class=\"elementor-element elementor-element-c78e3e4 elementor-widget elementor-widget-woocommerce-product-content\" data-id=\"c78e3e4\" data-element_type=\"widget\" data-widget_type=\"woocommerce-product-content.default\">\n<div class=\"elementor-widget-container\">\n<h4><\/h4>\n<\/div>\n<\/div>\n<h4><em>In Italiano<\/em><\/h4>\n<h4><em>Nasce da un Mix delle migliori variet\u00e0 di arabica e robusta ottenute da agricoltura biologica, nel rispetto della natura e dell\u2019ecosistema locale. <\/em><em>Un caff\u00e8 dal corpo ricercato e stravagante, note delicate di frutta matura, lieve acidit\u00e0, crema vellutata.<\/em><\/h4>\n<div class=\"woocommerce-product-details__short-description\">\n<h4><em>Il caff\u00e8 in grani My Central America, per un\u2019esperienza di gusto unica. <\/em><em>La miscela di questo caff\u00e8 \u00e8 composta da 5 variet\u00e0 monorigine di arabica dell\u2019America Centrale. Sapore dolce e delicato per un\u2019esperienza avvolgente e totale.<\/em><\/h4>\n<\/div>\n<\/div>\n<\/div>\n<\/div>\n","protected":false},"featured_media":83,"comment_status":"open","ping_status":"closed","template":"","meta":[],"product_brand":[],"product_cat":[16],"product_tag":[],"class_list":{"0":"post-91","1":"product","2":"type-product","3":"status-publish","4":"has-post-thumbnail","6":"product_cat-koffiebonen","8":"first","9":"instock","10":"taxable","11":"shipping-taxable","12":"purchasable","13":"product-type-simple","14":"customify-col","15":"product-has-gallery"},"jetpack_sharing_enabled":true,"_links":{"self":[{"href":"https:\/\/tostinicaffe.nl\/index.php?rest_route=\/wp\/v2\/product\/91","targetHints":{"allow":["GET"]}}],"collection":[{"href":"https:\/\/tostinicaffe.nl\/index.php?rest_route=\/wp\/v2\/product"}],"about":[{"href":"https:\/\/tostinicaffe.nl\/index.php?rest_route=\/wp\/v2\/types\/product"}],"replies":[{"embeddable":true,"href":"https:\/\/tostinicaffe.nl\/index.php?rest_route=%2Fwp%2Fv2%2Fcomments&post=91"}],"wp:featuredmedia":[{"embeddable":true,"href":"https:\/\/tostinicaffe.nl\/index.php?rest_route=\/wp\/v2\/media\/83"}],"wp:attachment":[{"href":"https:\/\/tostinicaffe.nl\/index.php?rest_route=%2Fwp%2Fv2%2Fmedia&parent=91"}],"wp:term":[{"taxonomy":"product_brand","embeddable":true,"href":"https:\/\/tostinicaffe.nl\/index.php?rest_route=%2Fwp%2Fv2%2Fproduct_brand&post=91"},{"taxonomy":"product_cat","embeddable":true,"href":"https:\/\/tostinicaffe.nl\/index.php?rest_route=%2Fwp%2Fv2%2Fproduct_cat&post=91"},{"taxonomy":"product_tag","embeddable":true,"href":"https:\/\/tostinicaffe.nl\/index.php?rest_route=%2Fwp%2Fv2%2Fproduct_tag&post=91"}],"curies":[{"name":"wp","href":"https:\/\/api.w.org\/{rel}","templated":true}]}}