{"id":42,"date":"2023-04-26T11:30:37","date_gmt":"2023-04-26T11:30:37","guid":{"rendered":"http:\/\/tostinicaffe.nl\/?post_type=product&#038;p=42"},"modified":"2026-04-04T21:24:13","modified_gmt":"2026-04-04T21:24:13","slug":"tostini-classico-1kg","status":"publish","type":"product","link":"https:\/\/tostinicaffe.nl\/?product=tostini-classico-1kg","title":{"rendered":"Tostini Classico 1kg"},"content":{"rendered":"<p>Deze koffie kenmerkt zich door een stevige en evenwichtige body met weinig zuur, een geur van bittere cacao en een heerlijke compacte hazelnootkleurige cr\u00e8me. Klassieke koffiebonen zijn perfect voor liefhebbers van de ware, unieke en onmiskenbare smaak van espressokoffie. Sensorisch profiel: Cacao, donkere chocolade, kruiden, geroosterd brood. Belangrijkste herkomstgebieden: Zuid-Amerika, Afrika, Azi\u00eb.<\/p>\n<p><em>Questo caff\u00e8, \u00e8 caratterizzato da un corpo sostanzioso ed equilibrato con poca acidit\u00e0, profumo di cacao amaro e una deliziosa crema compatta dal color nocciola. Il caff\u00e8 in grani classico \u00e8 perfetto per chi adora tutto il vero sapore, unico e inconfondibile del caff\u00e8 espresso. Profilo Sensoriale: Cacao, cioccolato fondente, spezie, pan tostato. Principali zone di Origine: Sud America, Africa, Asia.<\/em><\/p>\n","protected":false},"excerpt":{"rendered":"<div class=\"elementor-element elementor-element-af23a98 elementor-widget elementor-widget-woocommerce-product-short-description\" data-id=\"af23a98\" data-element_type=\"widget\" data-widget_type=\"woocommerce-product-short-description.default\">\n<div class=\"elementor-widget-container\">\n<div class=\"woocommerce-product-details__short-description\">\n<h4 id=\"tw-target-text\" class=\"tw-data-text tw-text-large tw-ta\" dir=\"ltr\" data-placeholder=\"Vertaling\"><span class=\"Y2IQFc\" lang=\"nl\">Melange samengesteld uit aromatische koffieorigines en volle Robusta-koffie. Deze koffie kenmerkt zich door een stevige en evenwichtige body met weinig zuur, een geur van bittere cacao en een heerlijke compacte hazelnootkleurige cr\u00e8me. Klassieke koffiebonen zijn perfect voor liefhebbers van de ware, unieke en onmiskenbare smaak van espressokoffie. Sensorisch profiel: Cacao, donkere chocolade, kruiden, geroosterd brood. Belangrijkste herkomstgebieden: Zuid-Amerika, Afrika, Azi\u00eb.<\/span><\/h4>\n<p>&nbsp;<\/p>\n<h4><em>In Italiano<\/em><\/h4>\n<h4><em>Miscela composta da origini di caff\u00e8 aromatici e da corposi caff\u00e8 robusta.<\/em><\/h4>\n<\/div>\n<\/div>\n<\/div>\n<div class=\"elementor-element elementor-element-c78e3e4 elementor-widget elementor-widget-woocommerce-product-content\" data-id=\"c78e3e4\" data-element_type=\"widget\" data-widget_type=\"woocommerce-product-content.default\">\n<div class=\"elementor-widget-container\">\n<h4><em>Questo caff\u00e8, \u00e8 caratterizzato da un corpo sostanzioso ed equilibrato con poca acidit\u00e0, profumo di cacao amaro e una deliziosa crema compatta dal color nocciola. Il caff\u00e8 in grani classico \u00e8 perfetto per chi adora tutto il vero sapore, unico e inconfondibile del caff\u00e8 espresso. Profilo Sensoriale: Cacao, cioccolato fondente, spezie, pan tostato. Principali zone di Origine: Sud America, Africa, Asia.<\/em><\/h4>\n<\/div>\n<\/div>\n","protected":false},"featured_media":33,"comment_status":"open","ping_status":"closed","template":"","meta":[],"product_brand":[],"product_cat":[16],"product_tag":[],"class_list":{"0":"post-42","1":"product","2":"type-product","3":"status-publish","4":"has-post-thumbnail","6":"product_cat-koffiebonen","8":"first","9":"instock","10":"taxable","11":"shipping-taxable","12":"purchasable","13":"product-type-simple","14":"customify-col"},"jetpack_sharing_enabled":true,"_links":{"self":[{"href":"https:\/\/tostinicaffe.nl\/index.php?rest_route=\/wp\/v2\/product\/42","targetHints":{"allow":["GET"]}}],"collection":[{"href":"https:\/\/tostinicaffe.nl\/index.php?rest_route=\/wp\/v2\/product"}],"about":[{"href":"https:\/\/tostinicaffe.nl\/index.php?rest_route=\/wp\/v2\/types\/product"}],"replies":[{"embeddable":true,"href":"https:\/\/tostinicaffe.nl\/index.php?rest_route=%2Fwp%2Fv2%2Fcomments&post=42"}],"wp:featuredmedia":[{"embeddable":true,"href":"https:\/\/tostinicaffe.nl\/index.php?rest_route=\/wp\/v2\/media\/33"}],"wp:attachment":[{"href":"https:\/\/tostinicaffe.nl\/index.php?rest_route=%2Fwp%2Fv2%2Fmedia&parent=42"}],"wp:term":[{"taxonomy":"product_brand","embeddable":true,"href":"https:\/\/tostinicaffe.nl\/index.php?rest_route=%2Fwp%2Fv2%2Fproduct_brand&post=42"},{"taxonomy":"product_cat","embeddable":true,"href":"https:\/\/tostinicaffe.nl\/index.php?rest_route=%2Fwp%2Fv2%2Fproduct_cat&post=42"},{"taxonomy":"product_tag","embeddable":true,"href":"https:\/\/tostinicaffe.nl\/index.php?rest_route=%2Fwp%2Fv2%2Fproduct_tag&post=42"}],"curies":[{"name":"wp","href":"https:\/\/api.w.org\/{rel}","templated":true}]}}