{"id":41,"date":"2023-04-26T11:27:19","date_gmt":"2023-04-26T11:27:19","guid":{"rendered":"http:\/\/tostinicaffe.nl\/?post_type=product&#038;p=41"},"modified":"2026-04-04T21:23:00","modified_gmt":"2026-04-04T21:23:00","slug":"koffiebonen-desiree-1-kg","status":"publish","type":"product","link":"https:\/\/tostinicaffe.nl\/?product=koffiebonen-desiree-1-kg","title":{"rendered":"Tostini Desir\u00e8e 1 kg"},"content":{"rendered":"<p id=\"tw-target-text\" class=\"tw-data-text tw-text-large tw-ta\" dir=\"ltr\" data-placeholder=\"Vertaling\">Deze melange heeft een fluweelzachte body en een aangenaam aroma van hazelnoot en geroosterde amandelen met delicate tonen van rijp fruit in de mond. Deze speciale mix van composities geeft een geurig en langdurig aroma voor een koffie die alle zintuigen kan prikkelen en elk gehemelte verliefd kan maken. Sensorisch profiel: hazelnoot, geroosterde amandel, rijp fruit. Belangrijkste herkomstgebieden: Midden- en Zuid-Amerika, Afrika, India.<\/p>\n<p id=\"tw-target-text\" class=\"tw-data-text tw-text-large tw-ta\" dir=\"ltr\" data-placeholder=\"Vertaling\"><em>Questa miscela presenta un corpo vellutato e un piacevole profumo di nocciola e mandorla tostata con note delicate al palato di frutta matura. Questo mix speciale di composizioni regala un\u2019aroma fragrante e duraturo per un caff\u00e8 in grado di colpire tutti i sensi e far innamorare qualsiasi tipo di palato. Profilo Sensoriale: nocciola, mandorla tostata, frutta matura.<\/em> <em>Principali Zone di Origine: Centro e Sud America, Africa, India.<\/em><\/p>\n","protected":false},"excerpt":{"rendered":"<div class=\"elementor-element elementor-element-af23a98 elementor-widget elementor-widget-woocommerce-product-short-description\" data-id=\"af23a98\" data-element_type=\"widget\" data-widget_type=\"woocommerce-product-short-description.default\">\n<div class=\"elementor-widget-container\">\n<div class=\"woocommerce-product-details__short-description\">\n<h4 id=\"tw-target-text\" class=\"tw-data-text tw-text-large tw-ta\" dir=\"ltr\" data-placeholder=\"Vertaling\"><span class=\"Y2IQFc\" lang=\"nl\">De bijzondere melange van Desire\u00e8 koffiebonen is samengesteld uit verschillende geselecteerde origines met een samenstelling van Arabica en Robusta. Deze melange heeft een fluweelzachte body en een aangenaam aroma van hazelnoot en geroosterde amandelen met delicate tonen van rijp fruit in de mond. Deze speciale mix van composities geeft een geurig en langdurig aroma voor een koffie die alle zintuigen kan prikkelen en elk gehemelte verliefd kan maken. Sensorisch profiel: hazelnoot, geroosterde amandel, rijp fruit. Belangrijkste herkomstgebieden: Midden- en Zuid-Amerika, Afrika, India.<\/span><\/h4>\n<p>&nbsp;<\/p>\n<h4><em>In Italiano<\/em><\/h4>\n<h4><em>La speciale miscela del caff\u00e8 in grani Desire\u00e8 \u00e8 composta da diverse origini selezionate a composizione di arabica e robusta.<\/em><\/h4>\n<\/div>\n<\/div>\n<\/div>\n<div class=\"elementor-element elementor-element-c78e3e4 elementor-widget elementor-widget-woocommerce-product-content\" data-id=\"c78e3e4\" data-element_type=\"widget\" data-widget_type=\"woocommerce-product-content.default\">\n<div class=\"elementor-widget-container\">\n<h4><em>Questa miscela presenta un corpo vellutato e un piacevole profumo di nocciola e mandorla tostata con note delicate al palato di frutta matura. Questo mix speciale di composizioni regala un\u2019aroma fragrante e duraturo per un caff\u00e8 in grado di colpire tutti i sensi e far innamorare qualsiasi tipo di palato. Profilo Sensoriale: nocciola, mandorla tostata, frutta matura.<\/em><br \/>\n<em>Principali Zone di Origine: Centro e Sud America, Africa, India.<\/em><\/h4>\n<\/div>\n<\/div>\n","protected":false},"featured_media":35,"comment_status":"open","ping_status":"closed","template":"","meta":[],"product_brand":[],"product_cat":[16],"product_tag":[],"class_list":{"0":"post-41","1":"product","2":"type-product","3":"status-publish","4":"has-post-thumbnail","6":"product_cat-koffiebonen","8":"first","9":"instock","10":"taxable","11":"shipping-taxable","12":"purchasable","13":"product-type-simple","14":"customify-col"},"jetpack_sharing_enabled":true,"_links":{"self":[{"href":"https:\/\/tostinicaffe.nl\/index.php?rest_route=\/wp\/v2\/product\/41","targetHints":{"allow":["GET"]}}],"collection":[{"href":"https:\/\/tostinicaffe.nl\/index.php?rest_route=\/wp\/v2\/product"}],"about":[{"href":"https:\/\/tostinicaffe.nl\/index.php?rest_route=\/wp\/v2\/types\/product"}],"replies":[{"embeddable":true,"href":"https:\/\/tostinicaffe.nl\/index.php?rest_route=%2Fwp%2Fv2%2Fcomments&post=41"}],"wp:featuredmedia":[{"embeddable":true,"href":"https:\/\/tostinicaffe.nl\/index.php?rest_route=\/wp\/v2\/media\/35"}],"wp:attachment":[{"href":"https:\/\/tostinicaffe.nl\/index.php?rest_route=%2Fwp%2Fv2%2Fmedia&parent=41"}],"wp:term":[{"taxonomy":"product_brand","embeddable":true,"href":"https:\/\/tostinicaffe.nl\/index.php?rest_route=%2Fwp%2Fv2%2Fproduct_brand&post=41"},{"taxonomy":"product_cat","embeddable":true,"href":"https:\/\/tostinicaffe.nl\/index.php?rest_route=%2Fwp%2Fv2%2Fproduct_cat&post=41"},{"taxonomy":"product_tag","embeddable":true,"href":"https:\/\/tostinicaffe.nl\/index.php?rest_route=%2Fwp%2Fv2%2Fproduct_tag&post=41"}],"curies":[{"name":"wp","href":"https:\/\/api.w.org\/{rel}","templated":true}]}}