{"id":40,"date":"2023-04-26T11:26:25","date_gmt":"2023-04-26T11:26:25","guid":{"rendered":"http:\/\/tostinicaffe.nl\/?post_type=product&#038;p=40"},"modified":"2026-04-04T21:24:26","modified_gmt":"2026-04-04T21:24:26","slug":"tostini-max","status":"publish","type":"product","link":"https:\/\/tostinicaffe.nl\/?product=tostini-max","title":{"rendered":"Tostini Max 1kg"},"content":{"rendered":"<p id=\"tw-target-text\" class=\"tw-data-text tw-text-large tw-ta\" dir=\"ltr\" data-placeholder=\"Vertaling\"><span class=\"Y2IQFc\" lang=\"nl\">Deze melange levert een verfijnde koffie op met een aangename zuurgraad, vergezeld van een triomf van zoete aroma&#8217;s. Een perfecte koffie voor fijnproevers met een verfijnde smaak en een aangename zuurgraad versterkt door een triomf van zoete aroma&#8217;s. Sensorisch profiel: rijp fruit, honing, cacao en bloemen Belangrijkste herkomstgebieden: Midden- en Zuid-Amerika, Azi\u00eb, Afrika.<\/span><\/p>\n<p><em>Questa miscela restituisce un caff\u00e8 raffinato e di piacevole acidit\u00e0, accompagnato da un trionfo di aromi dolci. Un caff\u00e8 perfetto per gli estimatori del gusto raffinato e di piacevole acidit\u00e0 esaltato da un trionfo di aromi dolci. Profilo Sensoriale:Frutta Matura, Miele, Cacao e Fiori.Principale zone di origine: Centro e Sud America, Asia, Africa.<\/em><\/p>\n","protected":false},"excerpt":{"rendered":"<h4><span class=\"Y2IQFc\" lang=\"nl\">Koffiemelange samengesteld uit geselecteerde origines voornamelijk van Arabica kwaliteit. Deze melange levert een verfijnde koffie op met een aangename zuurgraad, vergezeld van een triomf van zoete aroma&#8217;s. Een perfecte koffie voor fijnproevers met een verfijnde smaak en een aangename zuurgraad versterkt door een triomf van zoete aroma&#8217;s. Sensorisch profiel: rijp fruit, honing, cacao en bloemen Belangrijkste herkomstgebieden: Midden- en Zuid-Amerika, Azi\u00eb, Afrika.<\/span><\/h4>\n<p>&nbsp;<\/p>\n<h4><em>In Italiano<\/em><\/h4>\n<h4 id=\"tw-target-text\" class=\"tw-data-text tw-text-large tw-ta\" dir=\"ltr\" data-placeholder=\"Vertaling\"><em><span class=\"Y2IQFc\" lang=\"it\">Miscela di caff\u00e8 composta da origini selezionate prevalentemente di qualit\u00e0 Arabica. Questa miscela produce un caff\u00e8 raffinato con una piacevole acidit\u00e0, accompagnato da un trionfo di aromi dolci. Un caff\u00e8 perfetto per i buongustai dal gusto raffinato e dalla piacevole acidit\u00e0 esaltata da un trionfo di aromi dolci. Profilo sensoriale: frutta matura, miele, cacao e fiori Principali regioni di provenienza: Centro e Sud America, Asia, Africa.<\/span><\/em><\/h4>\n","protected":false},"featured_media":38,"comment_status":"open","ping_status":"closed","template":"","meta":[],"product_brand":[],"product_cat":[16],"product_tag":[],"class_list":{"0":"post-40","1":"product","2":"type-product","3":"status-publish","4":"has-post-thumbnail","6":"product_cat-koffiebonen","8":"first","9":"instock","10":"taxable","11":"shipping-taxable","12":"purchasable","13":"product-type-simple","14":"customify-col"},"jetpack_sharing_enabled":true,"_links":{"self":[{"href":"https:\/\/tostinicaffe.nl\/index.php?rest_route=\/wp\/v2\/product\/40","targetHints":{"allow":["GET"]}}],"collection":[{"href":"https:\/\/tostinicaffe.nl\/index.php?rest_route=\/wp\/v2\/product"}],"about":[{"href":"https:\/\/tostinicaffe.nl\/index.php?rest_route=\/wp\/v2\/types\/product"}],"replies":[{"embeddable":true,"href":"https:\/\/tostinicaffe.nl\/index.php?rest_route=%2Fwp%2Fv2%2Fcomments&post=40"}],"wp:featuredmedia":[{"embeddable":true,"href":"https:\/\/tostinicaffe.nl\/index.php?rest_route=\/wp\/v2\/media\/38"}],"wp:attachment":[{"href":"https:\/\/tostinicaffe.nl\/index.php?rest_route=%2Fwp%2Fv2%2Fmedia&parent=40"}],"wp:term":[{"taxonomy":"product_brand","embeddable":true,"href":"https:\/\/tostinicaffe.nl\/index.php?rest_route=%2Fwp%2Fv2%2Fproduct_brand&post=40"},{"taxonomy":"product_cat","embeddable":true,"href":"https:\/\/tostinicaffe.nl\/index.php?rest_route=%2Fwp%2Fv2%2Fproduct_cat&post=40"},{"taxonomy":"product_tag","embeddable":true,"href":"https:\/\/tostinicaffe.nl\/index.php?rest_route=%2Fwp%2Fv2%2Fproduct_tag&post=40"}],"curies":[{"name":"wp","href":"https:\/\/api.w.org\/{rel}","templated":true}]}}