{"id":137,"date":"2024-03-19T15:32:31","date_gmt":"2024-03-19T15:32:31","guid":{"rendered":"http:\/\/tostinicaffe.nl\/?post_type=product&#038;p=137"},"modified":"2026-04-04T21:35:20","modified_gmt":"2026-04-04T21:35:20","slug":"tostini-my-africa-blend-250gr-koffiebonen","status":"publish","type":"product","link":"https:\/\/tostinicaffe.nl\/?product=tostini-my-africa-blend-250gr-koffiebonen","title":{"rendered":"Tostini My Africa Blend 250gr koffiebonen"},"content":{"rendered":"<p>De melange in My African Blend-koffie bestaat uit 5 single-originevari\u00ebteiten van het Afrikaanse continent, 4 Arabica en 1 Robusta.\u00a0Sterke en beslissende smaak voor een onvergetelijke proefervaring.<\/p>\n<div class=\"elementor-element elementor-element-af23a98 elementor-widget elementor-widget-woocommerce-product-short-description\" data-id=\"af23a98\" data-element_type=\"widget\" data-widget_type=\"woocommerce-product-short-description.default\">\n<div class=\"elementor-widget-container\">\n<div class=\"woocommerce-product-details__short-description\">\n<p><em>La miscela contenuta nel caff\u00e8 My African Blend \u00e8 composta da 5 variet\u00e0 monorigine del continente africano, 4 arabiche e 1 robusta. <\/em><em>Gusto forte e deciso per un\u2019esperienza di degustazione indimenticabile.<\/em><\/p>\n<\/div>\n<\/div>\n<\/div>\n","protected":false},"excerpt":{"rendered":"<div class=\"elementor-element elementor-element-af23a98 elementor-widget elementor-widget-woocommerce-product-short-description\" data-id=\"af23a98\" data-element_type=\"widget\" data-widget_type=\"woocommerce-product-short-description.default\">\n<div class=\"elementor-widget-container\">\n<div class=\"woocommerce-product-details__short-description\">\n<h4>De melange in My African Blend-koffie bestaat uit 5 single-originevari\u00ebteiten van het Afrikaanse continent, 4 Arabica en 1 Robusta.\u00a0Sterke en beslissende smaak voor een onvergetelijke proefervaring.<\/h4>\n<p>&nbsp;<\/p>\n<h4><em>In italiano<\/em><\/h4>\n<h4>La miscela contenuta nel caff\u00e8 My African Blend \u00e8 composta da 5 variet\u00e0 monorigine del continente africano, 4 arabiche e 1 robusta. Gusto forte e deciso per un\u2019esperienza di degustazione indimenticabile.<\/h4>\n<\/div>\n<\/div>\n<\/div>\n","protected":false},"featured_media":138,"comment_status":"open","ping_status":"closed","template":"","meta":[],"product_brand":[],"product_cat":[16],"product_tag":[],"class_list":{"0":"post-137","1":"product","2":"type-product","3":"status-publish","4":"has-post-thumbnail","6":"product_cat-koffiebonen","8":"first","9":"instock","10":"taxable","11":"shipping-taxable","12":"purchasable","13":"product-type-simple","14":"customify-col"},"jetpack_sharing_enabled":true,"_links":{"self":[{"href":"https:\/\/tostinicaffe.nl\/index.php?rest_route=\/wp\/v2\/product\/137","targetHints":{"allow":["GET"]}}],"collection":[{"href":"https:\/\/tostinicaffe.nl\/index.php?rest_route=\/wp\/v2\/product"}],"about":[{"href":"https:\/\/tostinicaffe.nl\/index.php?rest_route=\/wp\/v2\/types\/product"}],"replies":[{"embeddable":true,"href":"https:\/\/tostinicaffe.nl\/index.php?rest_route=%2Fwp%2Fv2%2Fcomments&post=137"}],"wp:featuredmedia":[{"embeddable":true,"href":"https:\/\/tostinicaffe.nl\/index.php?rest_route=\/wp\/v2\/media\/138"}],"wp:attachment":[{"href":"https:\/\/tostinicaffe.nl\/index.php?rest_route=%2Fwp%2Fv2%2Fmedia&parent=137"}],"wp:term":[{"taxonomy":"product_brand","embeddable":true,"href":"https:\/\/tostinicaffe.nl\/index.php?rest_route=%2Fwp%2Fv2%2Fproduct_brand&post=137"},{"taxonomy":"product_cat","embeddable":true,"href":"https:\/\/tostinicaffe.nl\/index.php?rest_route=%2Fwp%2Fv2%2Fproduct_cat&post=137"},{"taxonomy":"product_tag","embeddable":true,"href":"https:\/\/tostinicaffe.nl\/index.php?rest_route=%2Fwp%2Fv2%2Fproduct_tag&post=137"}],"curies":[{"name":"wp","href":"https:\/\/api.w.org\/{rel}","templated":true}]}}