{"id":10,"date":"2023-05-08T21:15:47","date_gmt":"2023-05-08T21:15:47","guid":{"rendered":"http:\/\/tostinicaffe.nl\/?page_id=10"},"modified":"2023-05-08T21:15:50","modified_gmt":"2023-05-08T21:15:50","slug":"terugbetaalde-retourneringen","status":"publish","type":"page","link":"https:\/\/tostinicaffe.nl\/?page_id=10","title":{"rendered":"Terugbetaal- en retourneringsbeleid"},"content":{"rendered":"\n<p>De producten die wij leveren, voldoen aan de hoogste kwaliteitseisen, maar mocht u om \u00e9\u00e9n of andere reden toch niet tevreden zijn met \u00e9\u00e9n van de geleverde producten, neemt u dan contact met ons op, zodat we u verder kunnen helpen.<\/p>\n\n\n\n<p>Wij zullen altijd trachten om tot een zeer redelijke oplossing te komen.<\/p>\n\n\n\n<p>Voordat u echter iets retourneert vernemen we graag wat de eventuele problemen zijn. <\/p>\n\n\n\n<p>Hartelijk dank voor het vertrouwen.<\/p>\n","protected":false},"excerpt":{"rendered":"<p>De producten die wij leveren, voldoen aan de hoogste kwaliteitseisen, maar mocht u om \u00e9\u00e9n of andere reden toch niet tevreden zijn met \u00e9\u00e9n van&hellip;<\/p>\n","protected":false},"author":1,"featured_media":0,"parent":0,"menu_order":0,"comment_status":"closed","ping_status":"closed","template":"","meta":{"footnotes":""},"class_list":["post-10","page","type-page","status-publish","hentry"],"jetpack_sharing_enabled":true,"_links":{"self":[{"href":"https:\/\/tostinicaffe.nl\/index.php?rest_route=\/wp\/v2\/pages\/10","targetHints":{"allow":["GET"]}}],"collection":[{"href":"https:\/\/tostinicaffe.nl\/index.php?rest_route=\/wp\/v2\/pages"}],"about":[{"href":"https:\/\/tostinicaffe.nl\/index.php?rest_route=\/wp\/v2\/types\/page"}],"author":[{"embeddable":true,"href":"https:\/\/tostinicaffe.nl\/index.php?rest_route=\/wp\/v2\/users\/1"}],"replies":[{"embeddable":true,"href":"https:\/\/tostinicaffe.nl\/index.php?rest_route=%2Fwp%2Fv2%2Fcomments&post=10"}],"version-history":[{"count":1,"href":"https:\/\/tostinicaffe.nl\/index.php?rest_route=\/wp\/v2\/pages\/10\/revisions"}],"predecessor-version":[{"id":99,"href":"https:\/\/tostinicaffe.nl\/index.php?rest_route=\/wp\/v2\/pages\/10\/revisions\/99"}],"wp:attachment":[{"href":"https:\/\/tostinicaffe.nl\/index.php?rest_route=%2Fwp%2Fv2%2Fmedia&parent=10"}],"curies":[{"name":"wp","href":"https:\/\/api.w.org\/{rel}","templated":true}]}}